{"id":2629,"date":"2020-12-14T20:47:49","date_gmt":"2020-12-14T20:47:49","guid":{"rendered":"https:\/\/plastilina.co\/web\/?post_type=product&#038;p=2629"},"modified":"2024-11-19T21:04:03","modified_gmt":"2024-11-19T21:04:03","slug":"gorra-logo","status":"publish","type":"product","link":"https:\/\/plastilina.co\/web\/product\/gorra-logo\/","title":{"rendered":"Gorra Logo"},"content":{"rendered":"","protected":false},"excerpt":{"rendered":"<p><strong>\u00a1RCI\u00c9N HECHAS, FRESQUITAS Y LISTAS PARA DESPACHO!<\/strong><\/p>\n<p>Protege esa linda carita del sol con nuestra &#8220;Gorra logo&#8221; colecci\u00f3n 2021, \u00a1si no es tan linda, al menos que no est\u00e9 quemada! Te cuidamos para que nos lleves puestos. <strong>Verse \u00e1spero nunca fue tan f\u00e1cil.<\/strong><\/p>\n","protected":false},"featured_media":2631,"comment_status":"open","ping_status":"closed","template":"","meta":{"_monsterinsights_skip_tracking":false,"_monsterinsights_sitenote_active":false,"_monsterinsights_sitenote_note":"","_monsterinsights_sitenote_category":0,"spay_email":""},"product_cat":[28],"product_tag":[],"class_list":{"0":"post-2629","1":"product","2":"type-product","3":"status-publish","4":"has-post-thumbnail","6":"product_cat-accesorios","8":"first","9":"instock","10":"taxable","11":"shipping-taxable","12":"purchasable","13":"product-type-simple"},"yoast_head":"<!-- This site is optimized with the Yoast SEO plugin v23.8 - https:\/\/yoast.com\/wordpress\/plugins\/seo\/ -->\n<title>Gorra Logo - Plastilina Publicidad Cachucha Visera Dise\u00f1o colombiano<\/title>\n<meta name=\"description\" content=\"Gorra, cachucha, visera, paletera en oferta. Dise\u00f1o Bogot\u00e1. 100% colombiano. Hecho en Colombia Arte bogota Rock Urbano metal jbalvin\" \/>\n<meta name=\"robots\" content=\"index, follow, max-snippet:-1, max-image-preview:large, max-video-preview:-1\" \/>\n<link rel=\"canonical\" href=\"https:\/\/plastilina.co\/web\/product\/gorra-logo\/\" \/>\n<meta property=\"og:locale\" content=\"es_ES\" \/>\n<meta property=\"og:type\" content=\"article\" \/>\n<meta property=\"og:title\" content=\"Gorra Logo - Plastilina Publicidad Cachucha Visera Dise\u00f1o colombiano\" \/>\n<meta property=\"og:description\" content=\"Gorra, cachucha, visera, paletera en oferta. Dise\u00f1o Bogot\u00e1. 100% colombiano. Hecho en Colombia Arte bogota Rock Urbano metal jbalvin\" \/>\n<meta property=\"og:url\" content=\"https:\/\/plastilina.co\/web\/product\/gorra-logo\/\" \/>\n<meta property=\"og:site_name\" content=\"Plastilina Publicidad\" \/>\n<meta property=\"article:modified_time\" content=\"2024-11-19T21:04:03+00:00\" \/>\n<meta property=\"og:image\" content=\"https:\/\/plastilina.co\/web\/wp-content\/uploads\/2020\/12\/Gorra-Plasti.png\" \/>\n\t<meta property=\"og:image:width\" content=\"1250\" \/>\n\t<meta property=\"og:image:height\" content=\"1100\" \/>\n\t<meta property=\"og:image:type\" content=\"image\/png\" \/>\n<meta name=\"twitter:card\" content=\"summary_large_image\" \/>\n<script type=\"application\/ld+json\" class=\"yoast-schema-graph\">{\"@context\":\"https:\/\/schema.org\",\"@graph\":[{\"@type\":\"WebPage\",\"@id\":\"https:\/\/plastilina.co\/web\/product\/gorra-logo\/\",\"url\":\"https:\/\/plastilina.co\/web\/product\/gorra-logo\/\",\"name\":\"Gorra Logo - Plastilina Publicidad Cachucha Visera Dise\u00f1o colombiano\",\"isPartOf\":{\"@id\":\"https:\/\/plastilina.co\/web\/#website\"},\"primaryImageOfPage\":{\"@id\":\"https:\/\/plastilina.co\/web\/product\/gorra-logo\/#primaryimage\"},\"image\":{\"@id\":\"https:\/\/plastilina.co\/web\/product\/gorra-logo\/#primaryimage\"},\"thumbnailUrl\":\"https:\/\/plastilina.co\/web\/wp-content\/uploads\/2020\/12\/Gorra-Plasti.png\",\"datePublished\":\"2020-12-14T20:47:49+00:00\",\"dateModified\":\"2024-11-19T21:04:03+00:00\",\"description\":\"Gorra, cachucha, visera, paletera en oferta. Dise\u00f1o Bogot\u00e1. 100% colombiano. Hecho en Colombia Arte bogota Rock Urbano metal jbalvin\",\"breadcrumb\":{\"@id\":\"https:\/\/plastilina.co\/web\/product\/gorra-logo\/#breadcrumb\"},\"inLanguage\":\"es\",\"potentialAction\":[{\"@type\":\"ReadAction\",\"target\":[\"https:\/\/plastilina.co\/web\/product\/gorra-logo\/\"]}]},{\"@type\":\"ImageObject\",\"inLanguage\":\"es\",\"@id\":\"https:\/\/plastilina.co\/web\/product\/gorra-logo\/#primaryimage\",\"url\":\"https:\/\/plastilina.co\/web\/wp-content\/uploads\/2020\/12\/Gorra-Plasti.png\",\"contentUrl\":\"https:\/\/plastilina.co\/web\/wp-content\/uploads\/2020\/12\/Gorra-Plasti.png\",\"width\":1250,\"height\":1100},{\"@type\":\"BreadcrumbList\",\"@id\":\"https:\/\/plastilina.co\/web\/product\/gorra-logo\/#breadcrumb\",\"itemListElement\":[{\"@type\":\"ListItem\",\"position\":1,\"name\":\"Home\",\"item\":\"https:\/\/plastilina.co\/web\/\"},{\"@type\":\"ListItem\",\"position\":2,\"name\":\"Tienda\",\"item\":\"https:\/\/plastilina.co\/web\/tienda\/\"},{\"@type\":\"ListItem\",\"position\":3,\"name\":\"Gorra Logo\"}]},{\"@type\":\"WebSite\",\"@id\":\"https:\/\/plastilina.co\/web\/#website\",\"url\":\"https:\/\/plastilina.co\/web\/\",\"name\":\"Plastilina Publicidad\",\"description\":\"Laboratorio creativo\",\"publisher\":{\"@id\":\"https:\/\/plastilina.co\/web\/#organization\"},\"potentialAction\":[{\"@type\":\"SearchAction\",\"target\":{\"@type\":\"EntryPoint\",\"urlTemplate\":\"https:\/\/plastilina.co\/web\/?s={search_term_string}\"},\"query-input\":{\"@type\":\"PropertyValueSpecification\",\"valueRequired\":true,\"valueName\":\"search_term_string\"}}],\"inLanguage\":\"es\"},{\"@type\":\"Organization\",\"@id\":\"https:\/\/plastilina.co\/web\/#organization\",\"name\":\"Plastilina Publicidad\",\"url\":\"https:\/\/plastilina.co\/web\/\",\"logo\":{\"@type\":\"ImageObject\",\"inLanguage\":\"es\",\"@id\":\"https:\/\/plastilina.co\/web\/#\/schema\/logo\/image\/\",\"url\":\"https:\/\/plastilina.co\/web\/wp-content\/uploads\/2018\/10\/favicon.png\",\"contentUrl\":\"https:\/\/plastilina.co\/web\/wp-content\/uploads\/2018\/10\/favicon.png\",\"width\":512,\"height\":512,\"caption\":\"Plastilina Publicidad\"},\"image\":{\"@id\":\"https:\/\/plastilina.co\/web\/#\/schema\/logo\/image\/\"}}]}<\/script>\n<!-- \/ Yoast SEO plugin. -->","yoast_head_json":{"title":"Gorra Logo - Plastilina Publicidad Cachucha Visera Dise\u00f1o colombiano","description":"Gorra, cachucha, visera, paletera en oferta. Dise\u00f1o Bogot\u00e1. 100% colombiano. Hecho en Colombia Arte bogota Rock Urbano metal jbalvin","robots":{"index":"index","follow":"follow","max-snippet":"max-snippet:-1","max-image-preview":"max-image-preview:large","max-video-preview":"max-video-preview:-1"},"canonical":"https:\/\/plastilina.co\/web\/product\/gorra-logo\/","og_locale":"es_ES","og_type":"article","og_title":"Gorra Logo - Plastilina Publicidad Cachucha Visera Dise\u00f1o colombiano","og_description":"Gorra, cachucha, visera, paletera en oferta. Dise\u00f1o Bogot\u00e1. 100% colombiano. Hecho en Colombia Arte bogota Rock Urbano metal jbalvin","og_url":"https:\/\/plastilina.co\/web\/product\/gorra-logo\/","og_site_name":"Plastilina Publicidad","article_modified_time":"2024-11-19T21:04:03+00:00","og_image":[{"width":1250,"height":1100,"url":"https:\/\/plastilina.co\/web\/wp-content\/uploads\/2020\/12\/Gorra-Plasti.png","type":"image\/png"}],"twitter_card":"summary_large_image","schema":{"@context":"https:\/\/schema.org","@graph":[{"@type":"WebPage","@id":"https:\/\/plastilina.co\/web\/product\/gorra-logo\/","url":"https:\/\/plastilina.co\/web\/product\/gorra-logo\/","name":"Gorra Logo - Plastilina Publicidad Cachucha Visera Dise\u00f1o colombiano","isPartOf":{"@id":"https:\/\/plastilina.co\/web\/#website"},"primaryImageOfPage":{"@id":"https:\/\/plastilina.co\/web\/product\/gorra-logo\/#primaryimage"},"image":{"@id":"https:\/\/plastilina.co\/web\/product\/gorra-logo\/#primaryimage"},"thumbnailUrl":"https:\/\/plastilina.co\/web\/wp-content\/uploads\/2020\/12\/Gorra-Plasti.png","datePublished":"2020-12-14T20:47:49+00:00","dateModified":"2024-11-19T21:04:03+00:00","description":"Gorra, cachucha, visera, paletera en oferta. Dise\u00f1o Bogot\u00e1. 100% colombiano. Hecho en Colombia Arte bogota Rock Urbano metal jbalvin","breadcrumb":{"@id":"https:\/\/plastilina.co\/web\/product\/gorra-logo\/#breadcrumb"},"inLanguage":"es","potentialAction":[{"@type":"ReadAction","target":["https:\/\/plastilina.co\/web\/product\/gorra-logo\/"]}]},{"@type":"ImageObject","inLanguage":"es","@id":"https:\/\/plastilina.co\/web\/product\/gorra-logo\/#primaryimage","url":"https:\/\/plastilina.co\/web\/wp-content\/uploads\/2020\/12\/Gorra-Plasti.png","contentUrl":"https:\/\/plastilina.co\/web\/wp-content\/uploads\/2020\/12\/Gorra-Plasti.png","width":1250,"height":1100},{"@type":"BreadcrumbList","@id":"https:\/\/plastilina.co\/web\/product\/gorra-logo\/#breadcrumb","itemListElement":[{"@type":"ListItem","position":1,"name":"Home","item":"https:\/\/plastilina.co\/web\/"},{"@type":"ListItem","position":2,"name":"Tienda","item":"https:\/\/plastilina.co\/web\/tienda\/"},{"@type":"ListItem","position":3,"name":"Gorra Logo"}]},{"@type":"WebSite","@id":"https:\/\/plastilina.co\/web\/#website","url":"https:\/\/plastilina.co\/web\/","name":"Plastilina Publicidad","description":"Laboratorio creativo","publisher":{"@id":"https:\/\/plastilina.co\/web\/#organization"},"potentialAction":[{"@type":"SearchAction","target":{"@type":"EntryPoint","urlTemplate":"https:\/\/plastilina.co\/web\/?s={search_term_string}"},"query-input":{"@type":"PropertyValueSpecification","valueRequired":true,"valueName":"search_term_string"}}],"inLanguage":"es"},{"@type":"Organization","@id":"https:\/\/plastilina.co\/web\/#organization","name":"Plastilina Publicidad","url":"https:\/\/plastilina.co\/web\/","logo":{"@type":"ImageObject","inLanguage":"es","@id":"https:\/\/plastilina.co\/web\/#\/schema\/logo\/image\/","url":"https:\/\/plastilina.co\/web\/wp-content\/uploads\/2018\/10\/favicon.png","contentUrl":"https:\/\/plastilina.co\/web\/wp-content\/uploads\/2018\/10\/favicon.png","width":512,"height":512,"caption":"Plastilina Publicidad"},"image":{"@id":"https:\/\/plastilina.co\/web\/#\/schema\/logo\/image\/"}}]}},"_links":{"self":[{"href":"https:\/\/plastilina.co\/web\/wp-json\/wp\/v2\/product\/2629"}],"collection":[{"href":"https:\/\/plastilina.co\/web\/wp-json\/wp\/v2\/product"}],"about":[{"href":"https:\/\/plastilina.co\/web\/wp-json\/wp\/v2\/types\/product"}],"replies":[{"embeddable":true,"href":"https:\/\/plastilina.co\/web\/wp-json\/wp\/v2\/comments?post=2629"}],"wp:featuredmedia":[{"embeddable":true,"href":"https:\/\/plastilina.co\/web\/wp-json\/wp\/v2\/media\/2631"}],"wp:attachment":[{"href":"https:\/\/plastilina.co\/web\/wp-json\/wp\/v2\/media?parent=2629"}],"wp:term":[{"taxonomy":"product_cat","embeddable":true,"href":"https:\/\/plastilina.co\/web\/wp-json\/wp\/v2\/product_cat?post=2629"},{"taxonomy":"product_tag","embeddable":true,"href":"https:\/\/plastilina.co\/web\/wp-json\/wp\/v2\/product_tag?post=2629"}],"curies":[{"name":"wp","href":"https:\/\/api.w.org\/{rel}","templated":true}]}}