{"id":2599,"date":"2020-12-14T18:00:38","date_gmt":"2020-12-14T18:00:38","guid":{"rendered":"https:\/\/plastilina.co\/web\/?post_type=product&#038;p=2599"},"modified":"2023-09-28T08:53:33","modified_gmt":"2023-09-28T08:53:33","slug":"plan-rebusque","status":"publish","type":"product","link":"https:\/\/plastilina.co\/web\/product\/plan-rebusque\/","title":{"rendered":"Plan rebusque"},"content":{"rendered":"","protected":false},"excerpt":{"rendered":"<p>Con nuestra camiseta &#8220;Plan rebusque&#8221; colecci\u00f3n 2021, \u00a1list@s para el 31 bebes! Los calzones amarillos se venden por separado pero no aqu\u00ed. Prendemos la llama para que nos lleves puestos. <strong>Verse \u00e1spero nunca fue tan f\u00e1cil.<\/strong><\/p>\n","protected":false},"featured_media":2617,"comment_status":"open","ping_status":"closed","template":"","meta":{"_monsterinsights_skip_tracking":false,"_monsterinsights_sitenote_active":false,"_monsterinsights_sitenote_note":"","_monsterinsights_sitenote_category":0,"spay_email":""},"product_cat":[27],"product_tag":[],"class_list":{"0":"post-2599","1":"product","2":"type-product","3":"status-publish","4":"has-post-thumbnail","6":"product_cat-camisetas","8":"first","9":"instock","10":"taxable","11":"shipping-taxable","12":"purchasable","13":"product-type-variable"},"yoast_head":"<!-- This site is optimized with the Yoast SEO plugin v23.8 - https:\/\/yoast.com\/wordpress\/plugins\/seo\/ -->\n<title>Camiseta- Plan rebusque - Plastilina Publicidad Dise\u00f1o Bogot\u00e1<\/title>\n<meta name=\"description\" content=\"Camiseta plan rebusque. Oferta ropa una l\u00e1mpara de arte bogota rock urbano metal jvalbin - 100% Algod\u00f3n. Nueva colecci\u00f3n 2021\" \/>\n<meta name=\"robots\" content=\"index, follow, max-snippet:-1, max-image-preview:large, max-video-preview:-1\" \/>\n<link rel=\"canonical\" href=\"https:\/\/plastilina.co\/web\/product\/plan-rebusque\/\" \/>\n<meta property=\"og:locale\" content=\"es_ES\" \/>\n<meta property=\"og:type\" content=\"article\" \/>\n<meta property=\"og:title\" content=\"Camiseta- Plan rebusque - Plastilina Publicidad Dise\u00f1o Bogot\u00e1\" \/>\n<meta property=\"og:description\" content=\"Camiseta plan rebusque. Oferta ropa una l\u00e1mpara de arte bogota rock urbano metal jvalbin - 100% Algod\u00f3n. Nueva colecci\u00f3n 2021\" \/>\n<meta property=\"og:url\" content=\"https:\/\/plastilina.co\/web\/product\/plan-rebusque\/\" \/>\n<meta property=\"og:site_name\" content=\"Plastilina Publicidad\" \/>\n<meta property=\"article:modified_time\" content=\"2023-09-28T08:53:33+00:00\" \/>\n<meta property=\"og:image\" content=\"https:\/\/plastilina.co\/web\/wp-content\/uploads\/2020\/12\/rebusque-amarilla.png\" \/>\n\t<meta property=\"og:image:width\" content=\"1200\" \/>\n\t<meta property=\"og:image:height\" content=\"1200\" \/>\n\t<meta property=\"og:image:type\" content=\"image\/png\" \/>\n<meta name=\"twitter:card\" content=\"summary_large_image\" \/>\n<script type=\"application\/ld+json\" class=\"yoast-schema-graph\">{\"@context\":\"https:\/\/schema.org\",\"@graph\":[{\"@type\":\"WebPage\",\"@id\":\"https:\/\/plastilina.co\/web\/product\/plan-rebusque\/\",\"url\":\"https:\/\/plastilina.co\/web\/product\/plan-rebusque\/\",\"name\":\"Camiseta- Plan rebusque - Plastilina Publicidad Dise\u00f1o Bogot\u00e1\",\"isPartOf\":{\"@id\":\"https:\/\/plastilina.co\/web\/#website\"},\"primaryImageOfPage\":{\"@id\":\"https:\/\/plastilina.co\/web\/product\/plan-rebusque\/#primaryimage\"},\"image\":{\"@id\":\"https:\/\/plastilina.co\/web\/product\/plan-rebusque\/#primaryimage\"},\"thumbnailUrl\":\"https:\/\/plastilina.co\/web\/wp-content\/uploads\/2020\/12\/rebusque-amarilla.png\",\"datePublished\":\"2020-12-14T18:00:38+00:00\",\"dateModified\":\"2023-09-28T08:53:33+00:00\",\"description\":\"Camiseta plan rebusque. Oferta ropa una l\u00e1mpara de arte bogota rock urbano metal jvalbin - 100% Algod\u00f3n. Nueva colecci\u00f3n 2021\",\"breadcrumb\":{\"@id\":\"https:\/\/plastilina.co\/web\/product\/plan-rebusque\/#breadcrumb\"},\"inLanguage\":\"es\",\"potentialAction\":[{\"@type\":\"ReadAction\",\"target\":[\"https:\/\/plastilina.co\/web\/product\/plan-rebusque\/\"]}]},{\"@type\":\"ImageObject\",\"inLanguage\":\"es\",\"@id\":\"https:\/\/plastilina.co\/web\/product\/plan-rebusque\/#primaryimage\",\"url\":\"https:\/\/plastilina.co\/web\/wp-content\/uploads\/2020\/12\/rebusque-amarilla.png\",\"contentUrl\":\"https:\/\/plastilina.co\/web\/wp-content\/uploads\/2020\/12\/rebusque-amarilla.png\",\"width\":1200,\"height\":1200},{\"@type\":\"BreadcrumbList\",\"@id\":\"https:\/\/plastilina.co\/web\/product\/plan-rebusque\/#breadcrumb\",\"itemListElement\":[{\"@type\":\"ListItem\",\"position\":1,\"name\":\"Home\",\"item\":\"https:\/\/plastilina.co\/web\/\"},{\"@type\":\"ListItem\",\"position\":2,\"name\":\"Tienda\",\"item\":\"https:\/\/plastilina.co\/web\/tienda\/\"},{\"@type\":\"ListItem\",\"position\":3,\"name\":\"Plan rebusque\"}]},{\"@type\":\"WebSite\",\"@id\":\"https:\/\/plastilina.co\/web\/#website\",\"url\":\"https:\/\/plastilina.co\/web\/\",\"name\":\"Plastilina Publicidad\",\"description\":\"Laboratorio creativo\",\"publisher\":{\"@id\":\"https:\/\/plastilina.co\/web\/#organization\"},\"potentialAction\":[{\"@type\":\"SearchAction\",\"target\":{\"@type\":\"EntryPoint\",\"urlTemplate\":\"https:\/\/plastilina.co\/web\/?s={search_term_string}\"},\"query-input\":{\"@type\":\"PropertyValueSpecification\",\"valueRequired\":true,\"valueName\":\"search_term_string\"}}],\"inLanguage\":\"es\"},{\"@type\":\"Organization\",\"@id\":\"https:\/\/plastilina.co\/web\/#organization\",\"name\":\"Plastilina Publicidad\",\"url\":\"https:\/\/plastilina.co\/web\/\",\"logo\":{\"@type\":\"ImageObject\",\"inLanguage\":\"es\",\"@id\":\"https:\/\/plastilina.co\/web\/#\/schema\/logo\/image\/\",\"url\":\"https:\/\/plastilina.co\/web\/wp-content\/uploads\/2018\/10\/favicon.png\",\"contentUrl\":\"https:\/\/plastilina.co\/web\/wp-content\/uploads\/2018\/10\/favicon.png\",\"width\":512,\"height\":512,\"caption\":\"Plastilina Publicidad\"},\"image\":{\"@id\":\"https:\/\/plastilina.co\/web\/#\/schema\/logo\/image\/\"}}]}<\/script>\n<!-- \/ Yoast SEO plugin. -->","yoast_head_json":{"title":"Camiseta- Plan rebusque - Plastilina Publicidad Dise\u00f1o Bogot\u00e1","description":"Camiseta plan rebusque. Oferta ropa una l\u00e1mpara de arte bogota rock urbano metal jvalbin - 100% Algod\u00f3n. Nueva colecci\u00f3n 2021","robots":{"index":"index","follow":"follow","max-snippet":"max-snippet:-1","max-image-preview":"max-image-preview:large","max-video-preview":"max-video-preview:-1"},"canonical":"https:\/\/plastilina.co\/web\/product\/plan-rebusque\/","og_locale":"es_ES","og_type":"article","og_title":"Camiseta- Plan rebusque - Plastilina Publicidad Dise\u00f1o Bogot\u00e1","og_description":"Camiseta plan rebusque. Oferta ropa una l\u00e1mpara de arte bogota rock urbano metal jvalbin - 100% Algod\u00f3n. Nueva colecci\u00f3n 2021","og_url":"https:\/\/plastilina.co\/web\/product\/plan-rebusque\/","og_site_name":"Plastilina Publicidad","article_modified_time":"2023-09-28T08:53:33+00:00","og_image":[{"width":1200,"height":1200,"url":"https:\/\/plastilina.co\/web\/wp-content\/uploads\/2020\/12\/rebusque-amarilla.png","type":"image\/png"}],"twitter_card":"summary_large_image","schema":{"@context":"https:\/\/schema.org","@graph":[{"@type":"WebPage","@id":"https:\/\/plastilina.co\/web\/product\/plan-rebusque\/","url":"https:\/\/plastilina.co\/web\/product\/plan-rebusque\/","name":"Camiseta- Plan rebusque - Plastilina Publicidad Dise\u00f1o Bogot\u00e1","isPartOf":{"@id":"https:\/\/plastilina.co\/web\/#website"},"primaryImageOfPage":{"@id":"https:\/\/plastilina.co\/web\/product\/plan-rebusque\/#primaryimage"},"image":{"@id":"https:\/\/plastilina.co\/web\/product\/plan-rebusque\/#primaryimage"},"thumbnailUrl":"https:\/\/plastilina.co\/web\/wp-content\/uploads\/2020\/12\/rebusque-amarilla.png","datePublished":"2020-12-14T18:00:38+00:00","dateModified":"2023-09-28T08:53:33+00:00","description":"Camiseta plan rebusque. Oferta ropa una l\u00e1mpara de arte bogota rock urbano metal jvalbin - 100% Algod\u00f3n. Nueva colecci\u00f3n 2021","breadcrumb":{"@id":"https:\/\/plastilina.co\/web\/product\/plan-rebusque\/#breadcrumb"},"inLanguage":"es","potentialAction":[{"@type":"ReadAction","target":["https:\/\/plastilina.co\/web\/product\/plan-rebusque\/"]}]},{"@type":"ImageObject","inLanguage":"es","@id":"https:\/\/plastilina.co\/web\/product\/plan-rebusque\/#primaryimage","url":"https:\/\/plastilina.co\/web\/wp-content\/uploads\/2020\/12\/rebusque-amarilla.png","contentUrl":"https:\/\/plastilina.co\/web\/wp-content\/uploads\/2020\/12\/rebusque-amarilla.png","width":1200,"height":1200},{"@type":"BreadcrumbList","@id":"https:\/\/plastilina.co\/web\/product\/plan-rebusque\/#breadcrumb","itemListElement":[{"@type":"ListItem","position":1,"name":"Home","item":"https:\/\/plastilina.co\/web\/"},{"@type":"ListItem","position":2,"name":"Tienda","item":"https:\/\/plastilina.co\/web\/tienda\/"},{"@type":"ListItem","position":3,"name":"Plan rebusque"}]},{"@type":"WebSite","@id":"https:\/\/plastilina.co\/web\/#website","url":"https:\/\/plastilina.co\/web\/","name":"Plastilina Publicidad","description":"Laboratorio creativo","publisher":{"@id":"https:\/\/plastilina.co\/web\/#organization"},"potentialAction":[{"@type":"SearchAction","target":{"@type":"EntryPoint","urlTemplate":"https:\/\/plastilina.co\/web\/?s={search_term_string}"},"query-input":{"@type":"PropertyValueSpecification","valueRequired":true,"valueName":"search_term_string"}}],"inLanguage":"es"},{"@type":"Organization","@id":"https:\/\/plastilina.co\/web\/#organization","name":"Plastilina Publicidad","url":"https:\/\/plastilina.co\/web\/","logo":{"@type":"ImageObject","inLanguage":"es","@id":"https:\/\/plastilina.co\/web\/#\/schema\/logo\/image\/","url":"https:\/\/plastilina.co\/web\/wp-content\/uploads\/2018\/10\/favicon.png","contentUrl":"https:\/\/plastilina.co\/web\/wp-content\/uploads\/2018\/10\/favicon.png","width":512,"height":512,"caption":"Plastilina Publicidad"},"image":{"@id":"https:\/\/plastilina.co\/web\/#\/schema\/logo\/image\/"}}]}},"_links":{"self":[{"href":"https:\/\/plastilina.co\/web\/wp-json\/wp\/v2\/product\/2599"}],"collection":[{"href":"https:\/\/plastilina.co\/web\/wp-json\/wp\/v2\/product"}],"about":[{"href":"https:\/\/plastilina.co\/web\/wp-json\/wp\/v2\/types\/product"}],"replies":[{"embeddable":true,"href":"https:\/\/plastilina.co\/web\/wp-json\/wp\/v2\/comments?post=2599"}],"wp:featuredmedia":[{"embeddable":true,"href":"https:\/\/plastilina.co\/web\/wp-json\/wp\/v2\/media\/2617"}],"wp:attachment":[{"href":"https:\/\/plastilina.co\/web\/wp-json\/wp\/v2\/media?parent=2599"}],"wp:term":[{"taxonomy":"product_cat","embeddable":true,"href":"https:\/\/plastilina.co\/web\/wp-json\/wp\/v2\/product_cat?post=2599"},{"taxonomy":"product_tag","embeddable":true,"href":"https:\/\/plastilina.co\/web\/wp-json\/wp\/v2\/product_tag?post=2599"}],"curies":[{"name":"wp","href":"https:\/\/api.w.org\/{rel}","templated":true}]}}