{"id":2965,"date":"2026-04-21T10:46:17","date_gmt":"2026-04-21T10:46:17","guid":{"rendered":"https:\/\/plastilina.co\/web\/?page_id=2965"},"modified":"2026-04-21T10:46:17","modified_gmt":"2026-04-21T10:46:17","slug":"kalandozz-az-online-szorakozas-vilagaban-ahol-az-sg-casino-udvozlo-bonuszait-cashback-lehetosegeit-es-folyamatos-promocioit-elvezheted-minden-jatek-soran","status":"publish","type":"page","link":"https:\/\/plastilina.co\/web\/kalandozz-az-online-szorakozas-vilagaban-ahol-az-sg-casino-udvozlo-bonuszait-cashback-lehetosegeit-es-folyamatos-promocioit-elvezheted-minden-jatek-soran\/","title":{"rendered":"<div style=\"position: absolute; left: -7566px;\"><p>Kalandozz az online sz\u00f3rakoz\u00e1s vil\u00e1g\u00e1ban, ahol az <a href=\"https:\/\/sgcasino-online.com\/\">SG casino<\/a> \u00fcdv\u00f6zl\u0151 b\u00f3nuszait, cashback lehet\u0151s\u00e9geit \u00e9s folyamatos prom\u00f3ci\u00f3it \u00e9lvezheted minden j\u00e1t\u00e9k sor\u00e1n!<\/p><\/div>"},"content":{"rendered":"","protected":false},"excerpt":{"rendered":"","protected":false},"author":2,"featured_media":0,"parent":0,"menu_order":0,"comment_status":"closed","ping_status":"closed","template":"","meta":{"_monsterinsights_skip_tracking":false,"_monsterinsights_sitenote_active":false,"_monsterinsights_sitenote_note":"","_monsterinsights_sitenote_category":0,"spay_email":"","footnotes":""},"class_list":["post-2965","page","type-page","status-publish"],"yoast_head":"<!-- This site is optimized with the Yoast SEO plugin v23.8 - https:\/\/yoast.com\/wordpress\/plugins\/seo\/ -->\n<title>Kalandozz az online sz\u00f3rakoz\u00e1s vil\u00e1g\u00e1ban, ahol az SG casino \u00fcdv\u00f6zl\u0151 b\u00f3nuszait, cashback lehet\u0151s\u00e9geit \u00e9s folyamatos prom\u00f3ci\u00f3it \u00e9lvezheted minden j\u00e1t\u00e9k sor\u00e1n! - Plastilina Publicidad<\/title>\n<meta name=\"robots\" content=\"index, follow, max-snippet:-1, max-image-preview:large, max-video-preview:-1\" \/>\n<link rel=\"canonical\" href=\"https:\/\/plastilina.co\/web\/kalandozz-az-online-szorakozas-vilagaban-ahol-az-sg-casino-udvozlo-bonuszait-cashback-lehetosegeit-es-folyamatos-promocioit-elvezheted-minden-jatek-soran\/\" \/>\n<meta property=\"og:locale\" content=\"es_ES\" \/>\n<meta property=\"og:type\" content=\"article\" \/>\n<meta property=\"og:title\" content=\"Kalandozz az online sz\u00f3rakoz\u00e1s vil\u00e1g\u00e1ban, ahol az SG casino \u00fcdv\u00f6zl\u0151 b\u00f3nuszait, cashback lehet\u0151s\u00e9geit \u00e9s folyamatos prom\u00f3ci\u00f3it \u00e9lvezheted minden j\u00e1t\u00e9k sor\u00e1n! - Plastilina Publicidad\" \/>\n<meta property=\"og:url\" content=\"https:\/\/plastilina.co\/web\/kalandozz-az-online-szorakozas-vilagaban-ahol-az-sg-casino-udvozlo-bonuszait-cashback-lehetosegeit-es-folyamatos-promocioit-elvezheted-minden-jatek-soran\/\" \/>\n<meta property=\"og:site_name\" content=\"Plastilina Publicidad\" \/>\n<meta name=\"twitter:card\" content=\"summary_large_image\" \/>\n<script type=\"application\/ld+json\" class=\"yoast-schema-graph\">{\"@context\":\"https:\/\/schema.org\",\"@graph\":[{\"@type\":\"WebPage\",\"@id\":\"https:\/\/plastilina.co\/web\/kalandozz-az-online-szorakozas-vilagaban-ahol-az-sg-casino-udvozlo-bonuszait-cashback-lehetosegeit-es-folyamatos-promocioit-elvezheted-minden-jatek-soran\/\",\"url\":\"https:\/\/plastilina.co\/web\/kalandozz-az-online-szorakozas-vilagaban-ahol-az-sg-casino-udvozlo-bonuszait-cashback-lehetosegeit-es-folyamatos-promocioit-elvezheted-minden-jatek-soran\/\",\"name\":\"Kalandozz az online sz\u00f3rakoz\u00e1s vil\u00e1g\u00e1ban, ahol az SG casino \u00fcdv\u00f6zl\u0151 b\u00f3nuszait, cashback lehet\u0151s\u00e9geit \u00e9s folyamatos prom\u00f3ci\u00f3it \u00e9lvezheted minden j\u00e1t\u00e9k sor\u00e1n! - Plastilina Publicidad\",\"isPartOf\":{\"@id\":\"https:\/\/plastilina.co\/web\/#website\"},\"datePublished\":\"2026-04-21T10:46:17+00:00\",\"dateModified\":\"2026-04-21T10:46:17+00:00\",\"breadcrumb\":{\"@id\":\"https:\/\/plastilina.co\/web\/kalandozz-az-online-szorakozas-vilagaban-ahol-az-sg-casino-udvozlo-bonuszait-cashback-lehetosegeit-es-folyamatos-promocioit-elvezheted-minden-jatek-soran\/#breadcrumb\"},\"inLanguage\":\"es\",\"potentialAction\":[{\"@type\":\"ReadAction\",\"target\":[\"https:\/\/plastilina.co\/web\/kalandozz-az-online-szorakozas-vilagaban-ahol-az-sg-casino-udvozlo-bonuszait-cashback-lehetosegeit-es-folyamatos-promocioit-elvezheted-minden-jatek-soran\/\"]}]},{\"@type\":\"BreadcrumbList\",\"@id\":\"https:\/\/plastilina.co\/web\/kalandozz-az-online-szorakozas-vilagaban-ahol-az-sg-casino-udvozlo-bonuszait-cashback-lehetosegeit-es-folyamatos-promocioit-elvezheted-minden-jatek-soran\/#breadcrumb\",\"itemListElement\":[{\"@type\":\"ListItem\",\"position\":1,\"name\":\"Home\",\"item\":\"https:\/\/plastilina.co\/web\/\"},{\"@type\":\"ListItem\",\"position\":2,\"name\":\"Kalandozz az online sz\u00f3rakoz\u00e1s vil\u00e1g\u00e1ban, ahol az SG casino \u00fcdv\u00f6zl\u0151 b\u00f3nuszait, cashback lehet\u0151s\u00e9geit \u00e9s folyamatos prom\u00f3ci\u00f3it \u00e9lvezheted minden j\u00e1t\u00e9k sor\u00e1n!\"}]},{\"@type\":\"WebSite\",\"@id\":\"https:\/\/plastilina.co\/web\/#website\",\"url\":\"https:\/\/plastilina.co\/web\/\",\"name\":\"Plastilina Publicidad\",\"description\":\"Laboratorio creativo\",\"publisher\":{\"@id\":\"https:\/\/plastilina.co\/web\/#organization\"},\"potentialAction\":[{\"@type\":\"SearchAction\",\"target\":{\"@type\":\"EntryPoint\",\"urlTemplate\":\"https:\/\/plastilina.co\/web\/?s={search_term_string}\"},\"query-input\":{\"@type\":\"PropertyValueSpecification\",\"valueRequired\":true,\"valueName\":\"search_term_string\"}}],\"inLanguage\":\"es\"},{\"@type\":\"Organization\",\"@id\":\"https:\/\/plastilina.co\/web\/#organization\",\"name\":\"Plastilina Publicidad\",\"url\":\"https:\/\/plastilina.co\/web\/\",\"logo\":{\"@type\":\"ImageObject\",\"inLanguage\":\"es\",\"@id\":\"https:\/\/plastilina.co\/web\/#\/schema\/logo\/image\/\",\"url\":\"https:\/\/plastilina.co\/web\/wp-content\/uploads\/2018\/10\/favicon.png\",\"contentUrl\":\"https:\/\/plastilina.co\/web\/wp-content\/uploads\/2018\/10\/favicon.png\",\"width\":512,\"height\":512,\"caption\":\"Plastilina Publicidad\"},\"image\":{\"@id\":\"https:\/\/plastilina.co\/web\/#\/schema\/logo\/image\/\"}}]}<\/script>\n<!-- \/ Yoast SEO plugin. -->","yoast_head_json":{"title":"Kalandozz az online sz\u00f3rakoz\u00e1s vil\u00e1g\u00e1ban, ahol az SG casino \u00fcdv\u00f6zl\u0151 b\u00f3nuszait, cashback lehet\u0151s\u00e9geit \u00e9s folyamatos prom\u00f3ci\u00f3it \u00e9lvezheted minden j\u00e1t\u00e9k sor\u00e1n! - Plastilina Publicidad","robots":{"index":"index","follow":"follow","max-snippet":"max-snippet:-1","max-image-preview":"max-image-preview:large","max-video-preview":"max-video-preview:-1"},"canonical":"https:\/\/plastilina.co\/web\/kalandozz-az-online-szorakozas-vilagaban-ahol-az-sg-casino-udvozlo-bonuszait-cashback-lehetosegeit-es-folyamatos-promocioit-elvezheted-minden-jatek-soran\/","og_locale":"es_ES","og_type":"article","og_title":"Kalandozz az online sz\u00f3rakoz\u00e1s vil\u00e1g\u00e1ban, ahol az SG casino \u00fcdv\u00f6zl\u0151 b\u00f3nuszait, cashback lehet\u0151s\u00e9geit \u00e9s folyamatos prom\u00f3ci\u00f3it \u00e9lvezheted minden j\u00e1t\u00e9k sor\u00e1n! - Plastilina Publicidad","og_url":"https:\/\/plastilina.co\/web\/kalandozz-az-online-szorakozas-vilagaban-ahol-az-sg-casino-udvozlo-bonuszait-cashback-lehetosegeit-es-folyamatos-promocioit-elvezheted-minden-jatek-soran\/","og_site_name":"Plastilina Publicidad","twitter_card":"summary_large_image","schema":{"@context":"https:\/\/schema.org","@graph":[{"@type":"WebPage","@id":"https:\/\/plastilina.co\/web\/kalandozz-az-online-szorakozas-vilagaban-ahol-az-sg-casino-udvozlo-bonuszait-cashback-lehetosegeit-es-folyamatos-promocioit-elvezheted-minden-jatek-soran\/","url":"https:\/\/plastilina.co\/web\/kalandozz-az-online-szorakozas-vilagaban-ahol-az-sg-casino-udvozlo-bonuszait-cashback-lehetosegeit-es-folyamatos-promocioit-elvezheted-minden-jatek-soran\/","name":"Kalandozz az online sz\u00f3rakoz\u00e1s vil\u00e1g\u00e1ban, ahol az SG casino \u00fcdv\u00f6zl\u0151 b\u00f3nuszait, cashback lehet\u0151s\u00e9geit \u00e9s folyamatos prom\u00f3ci\u00f3it \u00e9lvezheted minden j\u00e1t\u00e9k sor\u00e1n! - Plastilina Publicidad","isPartOf":{"@id":"https:\/\/plastilina.co\/web\/#website"},"datePublished":"2026-04-21T10:46:17+00:00","dateModified":"2026-04-21T10:46:17+00:00","breadcrumb":{"@id":"https:\/\/plastilina.co\/web\/kalandozz-az-online-szorakozas-vilagaban-ahol-az-sg-casino-udvozlo-bonuszait-cashback-lehetosegeit-es-folyamatos-promocioit-elvezheted-minden-jatek-soran\/#breadcrumb"},"inLanguage":"es","potentialAction":[{"@type":"ReadAction","target":["https:\/\/plastilina.co\/web\/kalandozz-az-online-szorakozas-vilagaban-ahol-az-sg-casino-udvozlo-bonuszait-cashback-lehetosegeit-es-folyamatos-promocioit-elvezheted-minden-jatek-soran\/"]}]},{"@type":"BreadcrumbList","@id":"https:\/\/plastilina.co\/web\/kalandozz-az-online-szorakozas-vilagaban-ahol-az-sg-casino-udvozlo-bonuszait-cashback-lehetosegeit-es-folyamatos-promocioit-elvezheted-minden-jatek-soran\/#breadcrumb","itemListElement":[{"@type":"ListItem","position":1,"name":"Home","item":"https:\/\/plastilina.co\/web\/"},{"@type":"ListItem","position":2,"name":"Kalandozz az online sz\u00f3rakoz\u00e1s vil\u00e1g\u00e1ban, ahol az SG casino \u00fcdv\u00f6zl\u0151 b\u00f3nuszait, cashback lehet\u0151s\u00e9geit \u00e9s folyamatos prom\u00f3ci\u00f3it \u00e9lvezheted minden j\u00e1t\u00e9k sor\u00e1n!"}]},{"@type":"WebSite","@id":"https:\/\/plastilina.co\/web\/#website","url":"https:\/\/plastilina.co\/web\/","name":"Plastilina Publicidad","description":"Laboratorio creativo","publisher":{"@id":"https:\/\/plastilina.co\/web\/#organization"},"potentialAction":[{"@type":"SearchAction","target":{"@type":"EntryPoint","urlTemplate":"https:\/\/plastilina.co\/web\/?s={search_term_string}"},"query-input":{"@type":"PropertyValueSpecification","valueRequired":true,"valueName":"search_term_string"}}],"inLanguage":"es"},{"@type":"Organization","@id":"https:\/\/plastilina.co\/web\/#organization","name":"Plastilina Publicidad","url":"https:\/\/plastilina.co\/web\/","logo":{"@type":"ImageObject","inLanguage":"es","@id":"https:\/\/plastilina.co\/web\/#\/schema\/logo\/image\/","url":"https:\/\/plastilina.co\/web\/wp-content\/uploads\/2018\/10\/favicon.png","contentUrl":"https:\/\/plastilina.co\/web\/wp-content\/uploads\/2018\/10\/favicon.png","width":512,"height":512,"caption":"Plastilina Publicidad"},"image":{"@id":"https:\/\/plastilina.co\/web\/#\/schema\/logo\/image\/"}}]}},"_links":{"self":[{"href":"https:\/\/plastilina.co\/web\/wp-json\/wp\/v2\/pages\/2965"}],"collection":[{"href":"https:\/\/plastilina.co\/web\/wp-json\/wp\/v2\/pages"}],"about":[{"href":"https:\/\/plastilina.co\/web\/wp-json\/wp\/v2\/types\/page"}],"author":[{"embeddable":true,"href":"https:\/\/plastilina.co\/web\/wp-json\/wp\/v2\/users\/2"}],"replies":[{"embeddable":true,"href":"https:\/\/plastilina.co\/web\/wp-json\/wp\/v2\/comments?post=2965"}],"version-history":[{"count":1,"href":"https:\/\/plastilina.co\/web\/wp-json\/wp\/v2\/pages\/2965\/revisions"}],"predecessor-version":[{"id":2967,"href":"https:\/\/plastilina.co\/web\/wp-json\/wp\/v2\/pages\/2965\/revisions\/2967"}],"wp:attachment":[{"href":"https:\/\/plastilina.co\/web\/wp-json\/wp\/v2\/media?parent=2965"}],"curies":[{"name":"wp","href":"https:\/\/api.w.org\/{rel}","templated":true}]}}